{"id":97,"date":"2024-05-30T07:19:10","date_gmt":"2024-05-30T05:19:10","guid":{"rendered":"https:\/\/lydiamillsmusica.com\/?page_id=97"},"modified":"2024-07-01T16:54:08","modified_gmt":"2024-07-01T14:54:08","slug":"sobre-lydia","status":"publish","type":"page","link":"https:\/\/lydiamillsmusica.com\/en\/sobre-lydia\/","title":{"rendered":"About Lydia"},"content":{"rendered":"<div data-elementor-type=\"wp-page\" data-elementor-id=\"97\" class=\"elementor elementor-97\" data-elementor-post-type=\"page\">\n\t\t\t\t<div class=\"elementor-element elementor-element-3740048 e-flex e-con-boxed e-con e-parent\" data-id=\"3740048\" data-element_type=\"container\" data-e-type=\"container\">\n\t\t\t\t\t<div class=\"e-con-inner\">\n\t\t<div class=\"elementor-element elementor-element-cb6e70e e-con-full e-flex e-con e-child\" data-id=\"cb6e70e\" data-element_type=\"container\" data-e-type=\"container\">\n\t\t\t\t<div class=\"elementor-element elementor-element-a712e8b elementor-widget elementor-widget-heading\" data-id=\"a712e8b\" data-element_type=\"widget\" data-e-type=\"widget\" data-widget_type=\"heading.default\">\n\t\t\t\t<div class=\"elementor-widget-container\">\n\t\t\t\t\t<h2 class=\"elementor-heading-title elementor-size-default\">Lydia Mills\n<\/h2>\t\t\t\t<\/div>\n\t\t\t\t<\/div>\n\t\t\t\t<div class=\"elementor-element elementor-element-0255e6d elementor-widget elementor-widget-image\" data-id=\"0255e6d\" data-element_type=\"widget\" data-e-type=\"widget\" data-widget_type=\"image.default\">\n\t\t\t\t<div class=\"elementor-widget-container\">\n\t\t\t\t\t\t\t\t\t\t\t\t\t\t\t<img decoding=\"async\" width=\"303\" height=\"34\" src=\"https:\/\/lydiamillsmusica.com\/wp-content\/uploads\/2024\/06\/curva_green.svg\" class=\"attachment-large size-large wp-image-611\" alt=\"\" \/>\t\t\t\t\t\t\t\t\t\t\t\t\t\t\t<\/div>\n\t\t\t\t<\/div>\n\t\t\t\t<div class=\"elementor-element elementor-element-4e86717 elementor-widget elementor-widget-heading\" data-id=\"4e86717\" data-element_type=\"widget\" data-e-type=\"widget\" data-widget_type=\"heading.default\">\n\t\t\t\t<div class=\"elementor-widget-container\">\n\t\t\t\t\t<h2 class=\"elementor-heading-title elementor-size-default\">Singing is my soul<\/h2>\t\t\t\t<\/div>\n\t\t\t\t<\/div>\n\t\t\t\t<div class=\"elementor-element elementor-element-28ed068 elementor-widget elementor-widget-text-editor\" data-id=\"28ed068\" data-element_type=\"widget\" data-e-type=\"widget\" data-widget_type=\"text-editor.default\">\n\t\t\t\t<div class=\"elementor-widget-container\">\n\t\t\t\t\t\t\t\t\t<p>I am lucky to be a part of an extended family where singing is in the heart of each of us. I grew up in a singing home.  My mother sang to me at night with her guitar;  she sang in the car, while we hiked, and while we cooked. She was always singing.  Granny, my beautiful grandmother, sang at her piano, and with her grandchildren on her lap.  Uncles, aunts, and cousins gathered and still gather to play guitar and sing.  As a child, I never thought much of what this meant or how singing would become the center of my being.  But reaching my fiftieth year I deeply reflect and realize that singing is my soul.  It is how I connect to myself and connect to others.<\/p>\t\t\t\t\t\t\t\t<\/div>\n\t\t\t\t<\/div>\n\t\t\t\t<\/div>\n\t\t<div class=\"elementor-element elementor-element-78c087f e-con-full e-flex e-con e-child\" data-id=\"78c087f\" data-element_type=\"container\" data-e-type=\"container\">\n\t\t\t\t<div class=\"elementor-element elementor-element-ec21704 elementor-widget elementor-widget-image\" data-id=\"ec21704\" data-element_type=\"widget\" data-e-type=\"widget\" data-widget_type=\"image.default\">\n\t\t\t\t<div class=\"elementor-widget-container\">\n\t\t\t\t\t\t\t\t\t\t\t\t\t\t\t<img fetchpriority=\"high\" decoding=\"async\" width=\"2560\" height=\"1440\" src=\"https:\/\/lydiamillsmusica.com\/wp-content\/uploads\/2024\/06\/Lydia-Mills-02-scaled.webp\" class=\"attachment-full size-full wp-image-980\" alt=\"\" srcset=\"https:\/\/lydiamillsmusica.com\/wp-content\/uploads\/2024\/06\/Lydia-Mills-02-scaled.webp 2560w, https:\/\/lydiamillsmusica.com\/wp-content\/uploads\/2024\/06\/Lydia-Mills-02-scaled-600x338.webp 600w, https:\/\/lydiamillsmusica.com\/wp-content\/uploads\/2024\/06\/Lydia-Mills-02-300x169.webp 300w, https:\/\/lydiamillsmusica.com\/wp-content\/uploads\/2024\/06\/Lydia-Mills-02-1024x576.webp 1024w, https:\/\/lydiamillsmusica.com\/wp-content\/uploads\/2024\/06\/Lydia-Mills-02-768x432.webp 768w, https:\/\/lydiamillsmusica.com\/wp-content\/uploads\/2024\/06\/Lydia-Mills-02-1536x864.webp 1536w, https:\/\/lydiamillsmusica.com\/wp-content\/uploads\/2024\/06\/Lydia-Mills-02-2048x1152.webp 2048w, https:\/\/lydiamillsmusica.com\/wp-content\/uploads\/2024\/06\/Lydia-Mills-02-18x10.webp 18w\" sizes=\"(max-width: 2560px) 100vw, 2560px\" \/>\t\t\t\t\t\t\t\t\t\t\t\t\t\t\t<\/div>\n\t\t\t\t<\/div>\n\t\t\t\t<div class=\"elementor-element elementor-element-ebe27df elementor-widget elementor-widget-heading\" data-id=\"ebe27df\" data-element_type=\"widget\" data-e-type=\"widget\" data-widget_type=\"heading.default\">\n\t\t\t\t<div class=\"elementor-widget-container\">\n\t\t\t\t\t<span class=\"elementor-heading-title elementor-size-default\">Photo <span class=\"link-color\"><a href=\"https:\/\/www.instagram.com\/dany_bravob\" target=\"_blank\">Daniel Bravo<\/a><\/span><\/span>\t\t\t\t<\/div>\n\t\t\t\t<\/div>\n\t\t\t\t<\/div>\n\t\t\t\t\t<\/div>\n\t\t\t\t<\/div>\n\t\t<div class=\"elementor-element elementor-element-c02ac72 e-flex e-con-boxed e-con e-parent\" data-id=\"c02ac72\" data-element_type=\"container\" data-e-type=\"container\">\n\t\t\t\t\t<div class=\"e-con-inner\">\n\t\t<div class=\"elementor-element elementor-element-06d8bbd e-con-full e-flex e-con e-child\" data-id=\"06d8bbd\" data-element_type=\"container\" data-e-type=\"container\">\n\t\t\t\t<div class=\"elementor-element elementor-element-c9cb06d elementor-widget elementor-widget-image\" data-id=\"c9cb06d\" data-element_type=\"widget\" data-e-type=\"widget\" data-widget_type=\"image.default\">\n\t\t\t\t<div class=\"elementor-widget-container\">\n\t\t\t\t\t\t\t\t\t\t\t\t\t\t\t<img decoding=\"async\" width=\"2560\" height=\"1707\" src=\"https:\/\/lydiamillsmusica.com\/wp-content\/uploads\/2024\/06\/Lydia-Mills-01-scaled.webp\" class=\"attachment-full size-full wp-image-979\" alt=\"\" srcset=\"https:\/\/lydiamillsmusica.com\/wp-content\/uploads\/2024\/06\/Lydia-Mills-01-scaled.webp 2560w, https:\/\/lydiamillsmusica.com\/wp-content\/uploads\/2024\/06\/Lydia-Mills-01-scaled-600x400.webp 600w, https:\/\/lydiamillsmusica.com\/wp-content\/uploads\/2024\/06\/Lydia-Mills-01-300x200.webp 300w, https:\/\/lydiamillsmusica.com\/wp-content\/uploads\/2024\/06\/Lydia-Mills-01-1024x683.webp 1024w, https:\/\/lydiamillsmusica.com\/wp-content\/uploads\/2024\/06\/Lydia-Mills-01-768x512.webp 768w, https:\/\/lydiamillsmusica.com\/wp-content\/uploads\/2024\/06\/Lydia-Mills-01-1536x1024.webp 1536w, https:\/\/lydiamillsmusica.com\/wp-content\/uploads\/2024\/06\/Lydia-Mills-01-2048x1365.webp 2048w, https:\/\/lydiamillsmusica.com\/wp-content\/uploads\/2024\/06\/Lydia-Mills-01-18x12.webp 18w\" sizes=\"(max-width: 2560px) 100vw, 2560px\" \/>\t\t\t\t\t\t\t\t\t\t\t\t\t\t\t<\/div>\n\t\t\t\t<\/div>\n\t\t\t\t<div class=\"elementor-element elementor-element-46bed60 elementor-widget elementor-widget-heading\" data-id=\"46bed60\" data-element_type=\"widget\" data-e-type=\"widget\" data-widget_type=\"heading.default\">\n\t\t\t\t<div class=\"elementor-widget-container\">\n\t\t\t\t\t<span class=\"elementor-heading-title elementor-size-default\">Photo <span class=\"link-color\"><a href=\"https:\/\/www.instagram.com\/dany_bravob\" target=\"_blank\">Daniel Bravo<\/a><\/span><\/span>\t\t\t\t<\/div>\n\t\t\t\t<\/div>\n\t\t\t\t<\/div>\n\t\t<div class=\"elementor-element elementor-element-462d4a4 e-con-full e-flex e-con e-child\" data-id=\"462d4a4\" data-element_type=\"container\" data-e-type=\"container\">\n\t\t\t\t<div class=\"elementor-element elementor-element-0a0ae25 elementor-widget elementor-widget-heading\" data-id=\"0a0ae25\" data-element_type=\"widget\" data-e-type=\"widget\" data-widget_type=\"heading.default\">\n\t\t\t\t<div class=\"elementor-widget-container\">\n\t\t\t\t\t<h2 class=\"elementor-heading-title elementor-size-default\">Teacher at heart<\/h2>\t\t\t\t<\/div>\n\t\t\t\t<\/div>\n\t\t\t\t<div class=\"elementor-element elementor-element-e62881b elementor-widget elementor-widget-text-editor\" data-id=\"e62881b\" data-element_type=\"widget\" data-e-type=\"widget\" data-widget_type=\"text-editor.default\">\n\t\t\t\t<div class=\"elementor-widget-container\">\n\t\t\t\t\t\t\t\t\t<p>I always knew I wanted to be a teacher and work with children. I started babysitting at 12 and got my first job at 15 at Hester\u2019s Day Care.  I worked afterschool every day and from Wesley Hester I learned fingerplays, rhymes, singing games, and simple songs to sing with children.  He always laughed when he sang and played with the children.  I learned from him the importance of singing daily with the children. Throughout my teens and early twenties, I played guitar and sang with friends, family, and children in day cares and preschools, summer camps and afterschool programs.<\/p>\t\t\t\t\t\t\t\t<\/div>\n\t\t\t\t<\/div>\n\t\t\t\t<\/div>\n\t\t\t\t\t<\/div>\n\t\t\t\t<\/div>\n\t\t\t\t<\/div>","protected":false},"excerpt":{"rendered":"<p>Lydia Mills Cantar es mi alma Soy Lydia. Tengo la suerte de ser parte de una gran familia en la que el canto est\u00e1 en el coraz\u00f3n de cada uno de nosotros.\u00a0 Crec\u00ed en un hogar donde se cantaba. Mi mam\u00e1 me cantaba por la noche con su guitarra, cantaba en el auto, cuando camin\u00e1bamos [&hellip;]<\/p>\n","protected":false},"author":1,"featured_media":0,"parent":0,"menu_order":0,"comment_status":"closed","ping_status":"closed","template":"elementor_header_footer","meta":{"_acf_changed":false,"footnotes":""},"class_list":["post-97","page","type-page","status-publish","hentry"],"acf":[],"jetpack_sharing_enabled":true,"_links":{"self":[{"href":"https:\/\/lydiamillsmusica.com\/en\/wp-json\/wp\/v2\/pages\/97","targetHints":{"allow":["GET"]}}],"collection":[{"href":"https:\/\/lydiamillsmusica.com\/en\/wp-json\/wp\/v2\/pages"}],"about":[{"href":"https:\/\/lydiamillsmusica.com\/en\/wp-json\/wp\/v2\/types\/page"}],"author":[{"embeddable":true,"href":"https:\/\/lydiamillsmusica.com\/en\/wp-json\/wp\/v2\/users\/1"}],"replies":[{"embeddable":true,"href":"https:\/\/lydiamillsmusica.com\/en\/wp-json\/wp\/v2\/comments?post=97"}],"version-history":[{"count":103,"href":"https:\/\/lydiamillsmusica.com\/en\/wp-json\/wp\/v2\/pages\/97\/revisions"}],"predecessor-version":[{"id":1184,"href":"https:\/\/lydiamillsmusica.com\/en\/wp-json\/wp\/v2\/pages\/97\/revisions\/1184"}],"wp:attachment":[{"href":"https:\/\/lydiamillsmusica.com\/en\/wp-json\/wp\/v2\/media?parent=97"}],"curies":[{"name":"wp","href":"https:\/\/api.w.org\/{rel}","templated":true}]}}